{"id":9,"date":"2018-07-13T06:12:55","date_gmt":"2018-07-13T06:12:55","guid":{"rendered":"http:\/\/zukunftsmail.de\/?page_id=9"},"modified":"2025-07-18T07:28:06","modified_gmt":"2025-07-18T07:28:06","slug":"schreib-dir-eine-e-mail-in-die-zukunft-und-erhalte-sie-in-genau-einem-jahr","status":"publish","type":"page","link":"https:\/\/zukunftsmail.de\/","title":{"rendered":"Schreib Dir eine E-Mail in die Zukunft &#8211; und erhalte sie ein halbes oder ganzes Jahr sp\u00e4ter!"},"content":{"rendered":"<p>Wor\u00fcber? Nun, vielleicht stellst Du Dir folgende Fragen:<\/p>\n<ul>\n<li>Wo stehst Du gerade?<\/li>\n<li>Wof\u00fcr bist Du dankbar?<\/li>\n<li>Was sind Deine Ziele, W\u00fcnsche und Tr\u00e4ume?<\/li>\n<li>Wie lauten Deine Mutma\u00dfungen und Prophezeiungen, was die Zukunft betrifft?<\/li>\n<\/ul>\n<p>Aber vielleicht schreibst Du ja auch etwas ganz anderes &#8230;<\/p>\n<p style=\"text-align: left;\"><span style=\"color: #ff9900;\"><strong>Bitte nicht den Betreff \u00e4ndern:<\/strong><\/span><\/p>\n<p><a href=\"mailto:schreib-eine@zukunftsmail.de?subject=ZukunftsMail%20-%20Ein%20halbes%20Jahr%20sp\u00e4ter\">Schreib-eine@ZukunftsMail.de &#8211; und erhalte sie ein halbes Jahr sp\u00e4ter<\/a><\/p>\n<p><a href=\"mailto:schreib-eine@zukunftsmail.de?subject=ZukunftsMail%20-%20Ein%20ganzes%20Jahr%20sp\u00e4ter\">Schreib-eine@ZukunftsMail.de &#8211; und erhalte sie ein ganzes Jahr sp\u00e4ter<\/a><\/p>\n\n\n<p class=\"#FFFFFF has-text-color\" style=\"color:#ffffff\">.<\/p>\n\n\n\n<pre class=\"wp-block-code\"><code><strong>Eine E-Mail von Dir selbst?! <\/strong>\n<strong>Nun, wenigstens EINER, der Dich kennt ;-)<\/strong>\n<strong>Aber stell Dir folgende Zukunft vor: <\/strong>\n<strong>Eines Tages kennt Dich keiner mehr.<\/strong>\n<strong>Deine Freunde, Deine Heimatstadt, Dein Leben - <\/strong>\n<strong>nichts ist mehr wie gestern.<\/strong><\/code><\/pre>\n\n\n\n<p><\/p>\n\n\n<div class=\"wp-block-image\">\n<figure class=\"alignleft is-resized\"><a href=\"https:\/\/www.amazon.de\/dp\/1493580515\" target=\"_blank\" rel=\"noreferrer noopener\"><img loading=\"lazy\" decoding=\"async\" width=\"309\" height=\"454\" src=\"https:\/\/zukunftsmail.de\/wp-content\/uploads\/2021\/07\/Cover-2021-07-18.jpg\" alt=\"\" class=\"wp-image-240\" style=\"width:288px;height:423px\" srcset=\"https:\/\/zukunftsmail.de\/wp-content\/uploads\/2021\/07\/Cover-2021-07-18.jpg 309w, https:\/\/zukunftsmail.de\/wp-content\/uploads\/2021\/07\/Cover-2021-07-18-204x300.jpg 204w\" sizes=\"auto, (max-width: 309px) 100vw, 309px\" \/><\/a><\/figure><\/div>\n\n\n<p><strong>Als Theo am Morgen nach einer Isarparty nach Hause kommt, passt sein Wohnungsschl\u00fcssel nicht. Seine Freundin Miriam ist fort und der Nachbar behauptet, Theo noch nie gesehen zu haben. <\/strong><br><strong>Auch Theos bester Freund Norbert kann nicht glauben, wer da vor ihm steht &#8211; <\/strong><br><strong><em>aus einem schier unfassbaren Grund!<\/em><\/strong><\/p>\n\n\n\n<p><strong><a href=\"https:\/\/www.amazon.de\/dp\/B00DH1L5UI\" target=\"_blank\" rel=\"noreferrer noopener\" aria-label=\" (\u00f6ffnet in neuem Tab)\">WELTFREMD &#8211; Ein Roman von Manuel Hilmer &#8211; erh\u00e4ltlich als eBook f\u00fcr 2,99\u20ac oder als Taschenbuch f\u00fcr 7,99\u20ac bei Amazon<\/a><\/strong><br><\/p>\n","protected":false},"excerpt":{"rendered":"<p>Wor\u00fcber? Nun, vielleicht stellst Du Dir folgende Fragen: Wo stehst Du gerade? Wof\u00fcr bist Du dankbar? Was sind Deine Ziele, W\u00fcnsche und Tr\u00e4ume? Wie lauten Deine Mutma\u00dfungen und Prophezeiungen, was die Zukunft betrifft? Aber vielleicht schreibst Du ja auch etwas ganz anderes &#8230; Bitte nicht den Betreff \u00e4ndern: Schreib-eine@ZukunftsMail.de &#8211; und erhalte sie ein halbes [&hellip;]<\/p>\n","protected":false},"author":1,"featured_media":130,"parent":0,"menu_order":0,"comment_status":"closed","ping_status":"closed","template":"","meta":{"footnotes":""},"class_list":["post-9","page","type-page","status-publish","has-post-thumbnail","hentry"],"_links":{"self":[{"href":"https:\/\/zukunftsmail.de\/index.php?rest_route=\/wp\/v2\/pages\/9","targetHints":{"allow":["GET"]}}],"collection":[{"href":"https:\/\/zukunftsmail.de\/index.php?rest_route=\/wp\/v2\/pages"}],"about":[{"href":"https:\/\/zukunftsmail.de\/index.php?rest_route=\/wp\/v2\/types\/page"}],"author":[{"embeddable":true,"href":"https:\/\/zukunftsmail.de\/index.php?rest_route=\/wp\/v2\/users\/1"}],"replies":[{"embeddable":true,"href":"https:\/\/zukunftsmail.de\/index.php?rest_route=%2Fwp%2Fv2%2Fcomments&post=9"}],"version-history":[{"count":95,"href":"https:\/\/zukunftsmail.de\/index.php?rest_route=\/wp\/v2\/pages\/9\/revisions"}],"predecessor-version":[{"id":345,"href":"https:\/\/zukunftsmail.de\/index.php?rest_route=\/wp\/v2\/pages\/9\/revisions\/345"}],"wp:featuredmedia":[{"embeddable":true,"href":"https:\/\/zukunftsmail.de\/index.php?rest_route=\/wp\/v2\/media\/130"}],"wp:attachment":[{"href":"https:\/\/zukunftsmail.de\/index.php?rest_route=%2Fwp%2Fv2%2Fmedia&parent=9"}],"curies":[{"name":"wp","href":"https:\/\/api.w.org\/{rel}","templated":true}]}}